{"id":44,"date":"2015-07-15T09:40:15","date_gmt":"2015-07-15T09:40:15","guid":{"rendered":"http:\/\/apartment-siller.de\/?page_id=44"},"modified":"2023-06-27T14:05:07","modified_gmt":"2023-06-27T14:05:07","slug":"infos","status":"publish","type":"page","link":"https:\/\/apartment-siller.de\/?page_id=44","title":{"rendered":"Ausstattung:"},"content":{"rendered":"<p>Wir vermieten eine abgeschlossene&nbsp; Wohnung mit:<\/p>\n<ul>\n<li>Separatem Eingang<\/li>\n<li>Komplett eingerichtete K\u00fcche zum Selbstversorgen<\/li>\n<li>Esszimmer<\/li>\n<li>Bad<\/li>\n<li>1 Schlafzimmer, Wohnzimmer mit Schlafcouch. Stellplatz<\/li>\n<li>TV und WLAN (Telekom WLAN TO GO)<\/li>\n<li>Voll m\u00f6bliert<\/li>\n<li>Bettw\u00e4sche und Handt\u00fccher werden gestellt<\/li>\n<\/ul>\n<hr>\n<p>Eine Einzelbelegung ist zwischen&nbsp;1-4 Personen m\u00f6glich.<\/p>\n<p>Die Mindestbelegdauer der Wohnung betr\u00e4gt 3 Tage.<\/p>\n<ul>\n<li>Nichtraucher<\/li>\n<\/ul>\n<hr>\n<p>Sonstiges:<\/p>\n<p>Die Ferienwohnung wird von einer sch\u00f6nen und gepflegten Gartenanlage umgeben.<br \/>\nDie Lage in Westhausen ist zentral, Einkaufsm\u00f6glichkeiten sind in wenigen Minuten zu erreichen.<\/p>\n","protected":false},"excerpt":{"rendered":"<p>Wir vermieten eine abgeschlossene&nbsp; Wohnung mit: Separatem Eingang Komplett eingerichtete K\u00fcche zum Selbstversorgen Esszimmer Bad 1 Schlafzimmer, Wohnzimmer mit Schlafcouch. Stellplatz TV und WLAN (Telekom WLAN TO GO) Voll m\u00f6bliert Bettw\u00e4sche und Handt\u00fccher werden gestellt Eine Einzelbelegung ist zwischen&nbsp;1-4 Personen m\u00f6glich. Die Mindestbelegdauer der Wohnung betr\u00e4gt 3 Tage. Nichtraucher Sonstiges: Die Ferienwohnung wird von einer [&hellip;]<\/p>\n","protected":false},"author":2,"featured_media":0,"parent":0,"menu_order":0,"comment_status":"closed","ping_status":"closed","template":"","meta":{"footnotes":""},"_links":{"self":[{"href":"https:\/\/apartment-siller.de\/index.php?rest_route=\/wp\/v2\/pages\/44"}],"collection":[{"href":"https:\/\/apartment-siller.de\/index.php?rest_route=\/wp\/v2\/pages"}],"about":[{"href":"https:\/\/apartment-siller.de\/index.php?rest_route=\/wp\/v2\/types\/page"}],"author":[{"embeddable":true,"href":"https:\/\/apartment-siller.de\/index.php?rest_route=\/wp\/v2\/users\/2"}],"replies":[{"embeddable":true,"href":"https:\/\/apartment-siller.de\/index.php?rest_route=%2Fwp%2Fv2%2Fcomments&post=44"}],"version-history":[{"count":3,"href":"https:\/\/apartment-siller.de\/index.php?rest_route=\/wp\/v2\/pages\/44\/revisions"}],"predecessor-version":[{"id":105,"href":"https:\/\/apartment-siller.de\/index.php?rest_route=\/wp\/v2\/pages\/44\/revisions\/105"}],"wp:attachment":[{"href":"https:\/\/apartment-siller.de\/index.php?rest_route=%2Fwp%2Fv2%2Fmedia&parent=44"}],"curies":[{"name":"wp","href":"https:\/\/api.w.org\/{rel}","templated":true}]}}