{"id":2,"date":"2015-05-07T05:24:08","date_gmt":"2015-05-07T05:24:08","guid":{"rendered":"http:\/\/localhost\/wordpress\/?page_id=2"},"modified":"2015-07-20T09:49:56","modified_gmt":"2015-07-20T09:49:56","slug":"sample-page","status":"publish","type":"page","link":"https:\/\/apartment-siller.de\/","title":{"rendered":"Home"},"content":{"rendered":"<h3>Willkommen auf www.apartment-siller.de<\/h3>\n<p>Sie suchen eine Ferienwohnung oder eine vor\u00fcbergehende Bleibe in Westhausen?<\/p>\n<p>Dann finden Sie auf unserer Website alle n\u00f6tigen Info`s zu unserem Apartment.<\/p>\n<p>Viel Spa\u00df beim st\u00f6bern!!!<\/p>\n","protected":false},"excerpt":{"rendered":"<p>Willkommen auf www.apartment-siller.de Sie suchen eine Ferienwohnung oder eine vor\u00fcbergehende Bleibe in Westhausen? Dann finden Sie auf unserer Website alle n\u00f6tigen Info`s zu unserem Apartment. Viel Spa\u00df beim st\u00f6bern!!!<\/p>\n","protected":false},"author":2,"featured_media":0,"parent":0,"menu_order":0,"comment_status":"closed","ping_status":"closed","template":"","meta":{"footnotes":""},"_links":{"self":[{"href":"https:\/\/apartment-siller.de\/index.php?rest_route=\/wp\/v2\/pages\/2"}],"collection":[{"href":"https:\/\/apartment-siller.de\/index.php?rest_route=\/wp\/v2\/pages"}],"about":[{"href":"https:\/\/apartment-siller.de\/index.php?rest_route=\/wp\/v2\/types\/page"}],"author":[{"embeddable":true,"href":"https:\/\/apartment-siller.de\/index.php?rest_route=\/wp\/v2\/users\/2"}],"replies":[{"embeddable":true,"href":"https:\/\/apartment-siller.de\/index.php?rest_route=%2Fwp%2Fv2%2Fcomments&post=2"}],"version-history":[{"count":0,"href":"https:\/\/apartment-siller.de\/index.php?rest_route=\/wp\/v2\/pages\/2\/revisions"}],"wp:attachment":[{"href":"https:\/\/apartment-siller.de\/index.php?rest_route=%2Fwp%2Fv2%2Fmedia&parent=2"}],"curies":[{"name":"wp","href":"https:\/\/api.w.org\/{rel}","templated":true}]}}