{"id":10,"date":"2015-07-15T08:49:18","date_gmt":"2015-07-15T08:49:18","guid":{"rendered":"http:\/\/apartment-siller.de\/?page_id=10"},"modified":"2023-06-26T16:15:23","modified_gmt":"2023-06-26T16:15:23","slug":"impressum","status":"publish","type":"page","link":"https:\/\/apartment-siller.de\/?page_id=10","title":{"rendered":"Impressum"},"content":{"rendered":"<p align=\"center\"><strong>Pension Siller<\/strong><\/p>\n<p align=\"center\">Karl &amp; Anna Siller<br \/>\nBohlerstrasse 10<br \/>\n73463 Westhausen<\/p>\n<div class=\"impressum\">\n<h1>Verantwortlich f\u00fcr den Internet-Auftritt:<\/h1>\n<p>gem\u00e4\u00df \u00a7 55 Abs. 2 RStV<\/p>\n<p>Karl &amp; Anna Siller<\/p>\n<p>Bohlerstrasse 10<\/p>\n<p>73463 Westhausen<\/p>\n<\/div>\n<div class=\"impressum\">\n<h1>Haftungshinweis<\/h1>\n<p>Trotz sorgf\u00e4ltiger inhaltlicher Kontrolle \u00fcbernehmen wir keine Haftung f\u00fcr die Inhalte externer Links. F\u00fcr den Inhalt der verlinkten Seiten sind ausschlie\u00dflich deren Betreiber verantwortlich.<\/p>\n<\/div>\n<div class=\"impressum\">\n<h1>Copyright<\/h1>\n<p>Die vorliegenden Inhalte des Internetauftritts von www.apartment-siller.de &amp; www.pension-siller.de sind urheberrechtlich gesch\u00fctzt. Alle Rechte sind vorbehalten. Mit Ausnahme der angebotenen Downloads zur Verwendung in der Originalfassung verst\u00f6\u00dft die Verwendung der Texte und Abbildungen, auch auszugsweise, ohne die vorherige schriftliche Zustimmung von www.apartment-siller.de &amp; www.pension-siller.de\u00a0gegen die Bestimmungen des Urheberrechts und ist damit rechtswidrig. Dies gilt insbesondere auch f\u00fcr alle Verwertungsrechte wie die Vervielf\u00e4ltigung, die \u00dcbersetzung oder die Verwendung in elektronischen Systemen. Auf www.apartment-siller.de &amp; www.pension-siller.de\u00a0werden eingetragene Fotos, Gebrauchsmuster und Logos verwendet. Auch wenn diese an den jeweiligen Stellen nicht als solche gekennzeichnet sind, gelten die entsprechenden gesetzlichen Bestimmungen.<\/p>\n<\/div>\n<div class=\"impressum\">\n<h1>Datenschutzerkl\u00e4rung<\/h1>\n<p>Ich werden Ihre pers\u00f6nlichen Daten gegen\u00fcber anderen Unternehmen oder Institutionen weder offen legen, \u00fcberlassen, verkaufen noch anderweitig vermarkten, sofern nicht Ihre ausdr\u00fcckliche Einverst\u00e4ndniserkl\u00e4rung vorliegt. Etwas anderes gilt, wenn wir zu einer Offenlegung und \u00dcbermittlung der Daten gesetzlich oder durch gerichtliches Urteil verpflichtet sind.<\/p>\n<\/div>\n","protected":false},"excerpt":{"rendered":"<p>Pension Siller Karl &amp; Anna Siller Bohlerstrasse 10 73463 Westhausen Verantwortlich f\u00fcr den Internet-Auftritt: gem\u00e4\u00df \u00a7 55 Abs. 2 RStV Karl &amp; Anna Siller Bohlerstrasse 10 73463 Westhausen Haftungshinweis Trotz sorgf\u00e4ltiger inhaltlicher Kontrolle \u00fcbernehmen wir keine Haftung f\u00fcr die Inhalte externer Links. F\u00fcr den Inhalt der verlinkten Seiten sind ausschlie\u00dflich deren Betreiber verantwortlich. Copyright Die [&hellip;]<\/p>\n","protected":false},"author":2,"featured_media":0,"parent":0,"menu_order":0,"comment_status":"open","ping_status":"open","template":"","meta":{"footnotes":""},"_links":{"self":[{"href":"https:\/\/apartment-siller.de\/index.php?rest_route=\/wp\/v2\/pages\/10"}],"collection":[{"href":"https:\/\/apartment-siller.de\/index.php?rest_route=\/wp\/v2\/pages"}],"about":[{"href":"https:\/\/apartment-siller.de\/index.php?rest_route=\/wp\/v2\/types\/page"}],"author":[{"embeddable":true,"href":"https:\/\/apartment-siller.de\/index.php?rest_route=\/wp\/v2\/users\/2"}],"replies":[{"embeddable":true,"href":"https:\/\/apartment-siller.de\/index.php?rest_route=%2Fwp%2Fv2%2Fcomments&post=10"}],"version-history":[{"count":1,"href":"https:\/\/apartment-siller.de\/index.php?rest_route=\/wp\/v2\/pages\/10\/revisions"}],"predecessor-version":[{"id":93,"href":"https:\/\/apartment-siller.de\/index.php?rest_route=\/wp\/v2\/pages\/10\/revisions\/93"}],"wp:attachment":[{"href":"https:\/\/apartment-siller.de\/index.php?rest_route=%2Fwp%2Fv2%2Fmedia&parent=10"}],"curies":[{"name":"wp","href":"https:\/\/api.w.org\/{rel}","templated":true}]}}